{"id":6011,"date":"2026-04-19T19:53:48","date_gmt":"2026-04-19T19:53:48","guid":{"rendered":"https:\/\/sezona.ma\/?post_type=product&#038;p=6011"},"modified":"2026-04-19T20:15:16","modified_gmt":"2026-04-19T20:15:16","slug":"ensemble-elegance-sculptee-3-pieces","status":"publish","type":"product","link":"https:\/\/sezona.ma\/?product=ensemble-elegance-sculptee-3-pieces","title":{"rendered":"Ensemble \u00c9l\u00e9gance Sculpt\u00e9e \u2013 3 Pi\u00e8ces"},"content":{"rendered":"<div style=\"width: 1400px;\" class=\"wp-video\"><!--[if lt IE 9]><script>document.createElement('video');<\/script><![endif]-->\n<video class=\"wp-video-shortcode\" id=\"video-6011-1\" width=\"1400\" height=\"2489\" preload=\"metadata\" controls=\"controls\"><source type=\"video\/mp4\" src=\"https:\/\/sezona.ma\/wp-content\/uploads\/2026\/04\/Design-sans-titre-36.mp4?_=1\" \/><a href=\"https:\/\/sezona.ma\/wp-content\/uploads\/2026\/04\/Design-sans-titre-36.mp4\">https:\/\/sezona.ma\/wp-content\/uploads\/2026\/04\/Design-sans-titre-36.mp4<\/a><\/video><\/div>\n","protected":false},"excerpt":{"rendered":"","protected":false},"featured_media":6015,"comment_status":"open","ping_status":"closed","template":"","meta":[],"product_cat":[123],"product_tag":[],"class_list":{"0":"post-6011","1":"product","2":"type-product","3":"status-publish","4":"has-post-thumbnail","6":"product_cat-tailleurs","8":"first","9":"instock","10":"sale","11":"shipping-taxable","12":"purchasable","13":"product-type-simple"},"jetpack_sharing_enabled":true,"_links":{"self":[{"href":"https:\/\/sezona.ma\/index.php?rest_route=\/wp\/v2\/product\/6011","targetHints":{"allow":["GET"]}}],"collection":[{"href":"https:\/\/sezona.ma\/index.php?rest_route=\/wp\/v2\/product"}],"about":[{"href":"https:\/\/sezona.ma\/index.php?rest_route=\/wp\/v2\/types\/product"}],"replies":[{"embeddable":true,"href":"https:\/\/sezona.ma\/index.php?rest_route=%2Fwp%2Fv2%2Fcomments&post=6011"}],"wp:featuredmedia":[{"embeddable":true,"href":"https:\/\/sezona.ma\/index.php?rest_route=\/wp\/v2\/media\/6015"}],"wp:attachment":[{"href":"https:\/\/sezona.ma\/index.php?rest_route=%2Fwp%2Fv2%2Fmedia&parent=6011"}],"wp:term":[{"taxonomy":"product_cat","embeddable":true,"href":"https:\/\/sezona.ma\/index.php?rest_route=%2Fwp%2Fv2%2Fproduct_cat&post=6011"},{"taxonomy":"product_tag","embeddable":true,"href":"https:\/\/sezona.ma\/index.php?rest_route=%2Fwp%2Fv2%2Fproduct_tag&post=6011"}],"curies":[{"name":"wp","href":"https:\/\/api.w.org\/{rel}","templated":true}]}}